{"id":58,"date":"2026-02-08T19:18:14","date_gmt":"2026-02-08T19:18:14","guid":{"rendered":"https:\/\/domainedecodeval.com\/accueil\/"},"modified":"2026-03-23T19:18:10","modified_gmt":"2026-03-23T19:18:10","slug":"accueil","status":"publish","type":"page","link":"https:\/\/domainedecodeval.com\/en\/","title":{"rendered":"Accueil"},"content":{"rendered":"<div class=\"wp-block-columns is-layout-flex wp-container-core-columns-is-layout-28f84493 wp-block-columns-is-layout-flex\">\n<div class=\"wp-block-column is-layout-flow wp-block-column-is-layout-flow\" style=\"flex-basis:100%\">\n<div class=\"wp-block-group has-global-padding is-layout-constrained wp-container-core-group-is-layout-53230302 wp-block-group-is-layout-constrained\" style=\"margin-top:0;margin-bottom:0;padding-top:0;padding-right:0;padding-bottom:0;padding-left:0\">\n<figure style=\"margin-top:0;margin-right:0;margin-bottom:0;margin-left:0;padding-top:var(--wp--preset--spacing--30);padding-right:0;padding-bottom:var(--wp--preset--spacing--30);padding-left:0\" class=\"wp-block-video\"><video height=\"1080\" style=\"aspect-ratio: 1920 \/ 1080;\" width=\"1920\" autoplay controls loop muted src=\"https:\/\/domainedecodeval.com\/wp-content\/uploads\/2026\/02\/Domaine-de-Codeval-Fronton.mp4\" playsinline><\/video><\/figure>\n<\/div>\n<\/div>\n<\/div>\n\n\n\n<div class=\"wp-block-group alignfull is-style-ext-preset--group--natural-1--section has-background-background-color has-background has-global-padding is-layout-constrained wp-container-core-group-is-layout-ebc3d855 wp-block-group-is-layout-constrained\" style=\"margin-top:0;margin-bottom:0;padding-top:0;padding-bottom:var(--wp--preset--spacing--70)\">\n<div class=\"wp-block-group alignwide is-vertical is-content-justification-center is-layout-flex wp-container-core-group-is-layout-9c479538 wp-block-group-is-layout-flex\" style=\"padding-top:0;padding-bottom:0\">\n<div class=\"wp-block-group has-global-padding is-layout-constrained wp-container-core-group-is-layout-2287c683 wp-block-group-is-layout-constrained\">\n<h2 class=\"wp-block-heading alignwide has-text-align-center\" style=\"border-style:none;border-width:0px\">Discover the charm of Domaine de Codeval<\/h2>\n\n\n\n<p class=\"has-text-align-center\">A unique guesthouse in the heart of the vineyards in Haute-Garonne, offering an authentic and peaceful experience in a charming natural setting.<\/p>\n<\/div>\n\n\n\n<div class=\"wp-block-group beds24-widget-rounded has-global-padding is-layout-constrained wp-block-group-is-layout-constrained\"><div class=\"beds24-rounded\">\n\n<div id=\"b24_widget_69fb0f9046b53\"><span style=\"color:#fff\">Booking widget b24_widget_69fb0f9046b53<\/span><\/div>\n\n<!-- jquery widget code -->\n<script>\njQuery(document).ready(function() {var b24Attr={widgettype:\"BookingBoxMini\",propid:\"311830\",backgroundColor:\"#2d5544\",boxShadow:false,buttonBackgroundColor:\"#edfae5\",buttonColor:\"#2d5544\",formAction:\"https:\/\/beds24.com\/booking.php\",widgetLang:\"fr\",widgetType:\"BookingBoxMini\",width:\"100%\",};jQuery('#b24_widget_69fb0f9046b53').bookWidget(b24Attr);});\n<\/script>\n\n\n<\/div>\n<\/div>\n\n\n\n<div class=\"wp-block-buttons is-content-justification-center is-layout-flex wp-container-core-buttons-is-layout-a89b3969 wp-block-buttons-is-layout-flex\"><\/div>\n<\/div>\n<\/div>\n\n\n\n<div class=\"wp-block-group alignfull is-style-ext-preset--group--natural-1--section has-foreground-color has-tertiary-background-color has-text-color has-background has-link-color wp-elements-998629f8115bb1bf7bae62cf3e2ee612 is-layout-flow wp-container-core-group-is-layout-7bd4e19f wp-block-group-is-layout-flow\" id=\"galerie\" style=\"margin-top:0;margin-bottom:0;padding-top:var(--wp--preset--spacing--70);padding-bottom:var(--wp--preset--spacing--70)\">\n<div class=\"wp-block-group alignwide header-large is-layout-flow wp-container-core-group-is-layout-d45c059d wp-block-group-is-layout-flow\" style=\"padding-top:0;padding-right:0;padding-bottom:0;padding-left:0\">\n<div class=\"wp-block-group has-global-padding is-layout-constrained wp-container-core-group-is-layout-36981d67 wp-block-group-is-layout-constrained\">\n<h2 class=\"wp-block-heading\">Bienvenue au Domaine de Codeval<\/h2>\n\n\n\n<p>Profitez d\u2019un cadre exceptionnel avec vue sur les vignes depuis la piscine ou le jacuzzi. Partez en randonn\u00e9e, d\u00e9couvrez les vignobles frontonnais alentours, amusez-vous sur le terrain de p\u00e9tanque ou d\u00e9tendez-vous simplement au c\u0153ur des 2 hectares du domaine.<\/p>\n<\/div>\n<\/div>\n\n\n\n<div class=\"wp-block-columns alignwide is-layout-flex wp-container-core-columns-is-layout-87beb0d0 wp-block-columns-is-layout-flex\">\n<div class=\"wp-block-column is-vertically-aligned-stretch is-layout-flow wp-container-core-column-is-layout-f5bb311e wp-block-column-is-layout-flow\" style=\"flex-basis:50%\">\n<div class=\"wp-block-cover is-light is-style-ext-preset--image--natural-1--image-1--content-top is-style-ext-preset--image--natural-1--image-1--content-top--3\" style=\"padding-top:0;padding-bottom:0;min-height:100%;aspect-ratio:unset;\"><img loading=\"lazy\" decoding=\"async\" width=\"2560\" height=\"1920\" class=\"wp-block-cover__image-background wp-image-234 size-full\" alt=\"\" src=\"https:\/\/domainedecodeval.com\/wp-content\/uploads\/2026\/02\/20250429_093514-2-scaled.jpg\" style=\"object-position:64% 65%\" data-object-fit=\"cover\" data-object-position=\"64% 65%\" srcset=\"https:\/\/domainedecodeval.com\/wp-content\/uploads\/2026\/02\/20250429_093514-2-scaled.jpg 2560w, https:\/\/domainedecodeval.com\/wp-content\/uploads\/2026\/02\/20250429_093514-2-300x225.jpg 300w, https:\/\/domainedecodeval.com\/wp-content\/uploads\/2026\/02\/20250429_093514-2-1024x768.jpg 1024w, https:\/\/domainedecodeval.com\/wp-content\/uploads\/2026\/02\/20250429_093514-2-768x576.jpg 768w, https:\/\/domainedecodeval.com\/wp-content\/uploads\/2026\/02\/20250429_093514-2-1536x1152.jpg 1536w, https:\/\/domainedecodeval.com\/wp-content\/uploads\/2026\/02\/20250429_093514-2-2048x1536.jpg 2048w, https:\/\/domainedecodeval.com\/wp-content\/uploads\/2026\/02\/20250429_093514-2-16x12.jpg 16w\" sizes=\"auto, (max-width: 2560px) 100vw, 2560px\" \/><span aria-hidden=\"true\" class=\"wp-block-cover__background has-background-dim-0 has-background-dim\" style=\"background-color:#76809b\"><\/span><div class=\"wp-block-cover__inner-container is-layout-flow wp-block-cover-is-layout-flow\">\n<div style=\"height:240px\" aria-hidden=\"true\" class=\"wp-block-spacer\"><\/div>\n<\/div><\/div>\n<\/div>\n\n\n\n<div class=\"wp-block-column is-vertically-aligned-top is-layout-flow wp-container-core-column-is-layout-f5bb311e wp-block-column-is-layout-flow\">\n<figure class=\"wp-block-image size-full is-style-ext-preset--image--natural-1--image-1--content-top is-style-ext-preset--image--natural-1--image-1--content-top--4\"><img loading=\"lazy\" decoding=\"async\" width=\"2560\" height=\"1920\" src=\"https:\/\/domainedecodeval.com\/wp-content\/uploads\/2026\/02\/P1015864-scaled.jpg\" alt=\"\" class=\"wp-image-239\" style=\"aspect-ratio:1;object-fit:cover\" srcset=\"https:\/\/domainedecodeval.com\/wp-content\/uploads\/2026\/02\/P1015864-scaled.jpg 2560w, https:\/\/domainedecodeval.com\/wp-content\/uploads\/2026\/02\/P1015864-300x225.jpg 300w, https:\/\/domainedecodeval.com\/wp-content\/uploads\/2026\/02\/P1015864-1024x768.jpg 1024w, https:\/\/domainedecodeval.com\/wp-content\/uploads\/2026\/02\/P1015864-768x576.jpg 768w, https:\/\/domainedecodeval.com\/wp-content\/uploads\/2026\/02\/P1015864-1536x1152.jpg 1536w, https:\/\/domainedecodeval.com\/wp-content\/uploads\/2026\/02\/P1015864-2048x1536.jpg 2048w, https:\/\/domainedecodeval.com\/wp-content\/uploads\/2026\/02\/P1015864-16x12.jpg 16w\" sizes=\"auto, (max-width: 2560px) 100vw, 2560px\" \/><\/figure>\n\n\n\n<figure class=\"wp-block-image size-large is-style-ext-preset--image--natural-1--image-1--content-top is-style-ext-preset--image--natural-1--image-1--content-top--5\"><img loading=\"lazy\" decoding=\"async\" width=\"1024\" height=\"768\" src=\"https:\/\/domainedecodeval.com\/wp-content\/uploads\/2026\/02\/20230910_191836-1024x768.jpg\" alt=\"\" class=\"wp-image-244\" style=\"aspect-ratio:1;object-fit:cover\" srcset=\"https:\/\/domainedecodeval.com\/wp-content\/uploads\/2026\/02\/20230910_191836-1024x768.jpg 1024w, https:\/\/domainedecodeval.com\/wp-content\/uploads\/2026\/02\/20230910_191836-300x225.jpg 300w, https:\/\/domainedecodeval.com\/wp-content\/uploads\/2026\/02\/20230910_191836-768x576.jpg 768w, https:\/\/domainedecodeval.com\/wp-content\/uploads\/2026\/02\/20230910_191836-1536x1152.jpg 1536w, https:\/\/domainedecodeval.com\/wp-content\/uploads\/2026\/02\/20230910_191836-2048x1536.jpg 2048w, https:\/\/domainedecodeval.com\/wp-content\/uploads\/2026\/02\/20230910_191836-16x12.jpg 16w\" sizes=\"auto, (max-width: 1024px) 100vw, 1024px\" \/><\/figure>\n<\/div>\n\n\n\n<div class=\"wp-block-column is-vertically-aligned-top is-layout-flow wp-container-core-column-is-layout-f5bb311e wp-block-column-is-layout-flow\">\n<figure class=\"wp-block-image size-large is-style-ext-preset--image--natural-1--image-1--content-top is-style-ext-preset--image--natural-1--image-1--content-top--6\"><img loading=\"lazy\" decoding=\"async\" width=\"768\" height=\"1024\" src=\"https:\/\/domainedecodeval.com\/wp-content\/uploads\/2026\/02\/20210701_193018-768x1024.jpg\" alt=\"\" class=\"wp-image-246\" style=\"aspect-ratio:1;object-fit:cover\" srcset=\"https:\/\/domainedecodeval.com\/wp-content\/uploads\/2026\/02\/20210701_193018-768x1024.jpg 768w, https:\/\/domainedecodeval.com\/wp-content\/uploads\/2026\/02\/20210701_193018-225x300.jpg 225w, https:\/\/domainedecodeval.com\/wp-content\/uploads\/2026\/02\/20210701_193018-1152x1536.jpg 1152w, https:\/\/domainedecodeval.com\/wp-content\/uploads\/2026\/02\/20210701_193018-1536x2048.jpg 1536w, https:\/\/domainedecodeval.com\/wp-content\/uploads\/2026\/02\/20210701_193018-9x12.jpg 9w, https:\/\/domainedecodeval.com\/wp-content\/uploads\/2026\/02\/20210701_193018-scaled.jpg 1920w\" sizes=\"auto, (max-width: 768px) 100vw, 768px\" \/><\/figure>\n\n\n\n<figure class=\"wp-block-image size-large is-style-ext-preset--image--natural-1--image-1--content-top is-style-ext-preset--image--natural-1--image-1--content-top--7\"><img loading=\"lazy\" decoding=\"async\" width=\"768\" height=\"1024\" src=\"https:\/\/domainedecodeval.com\/wp-content\/uploads\/2026\/02\/20210102_164140-768x1024.jpg\" alt=\"\" class=\"wp-image-250\" style=\"aspect-ratio:1;object-fit:cover\" srcset=\"https:\/\/domainedecodeval.com\/wp-content\/uploads\/2026\/02\/20210102_164140-768x1024.jpg 768w, https:\/\/domainedecodeval.com\/wp-content\/uploads\/2026\/02\/20210102_164140-225x300.jpg 225w, https:\/\/domainedecodeval.com\/wp-content\/uploads\/2026\/02\/20210102_164140-1152x1536.jpg 1152w, https:\/\/domainedecodeval.com\/wp-content\/uploads\/2026\/02\/20210102_164140-1536x2048.jpg 1536w, https:\/\/domainedecodeval.com\/wp-content\/uploads\/2026\/02\/20210102_164140-9x12.jpg 9w, https:\/\/domainedecodeval.com\/wp-content\/uploads\/2026\/02\/20210102_164140-scaled.jpg 1920w\" sizes=\"auto, (max-width: 768px) 100vw, 768px\" \/><\/figure>\n<\/div>\n<\/div>\n\n\n\n<div class=\"wp-block-buttons has-tertiary-background-color has-background is-content-justification-center is-layout-flex wp-container-core-buttons-is-layout-23a043ba wp-block-buttons-is-layout-flex\">\n<div class=\"wp-block-button\"><a class=\"wp-block-button__link has-background-color has-secondary-background-color has-text-color has-background has-link-color wp-element-button\" href=\"https:\/\/beds24.com\/book-domainedecodeval\" style=\"padding-right:var(--wp--preset--spacing--50);padding-left:var(--wp--preset--spacing--50)\">R\u00e9servez<\/a><\/div>\n<\/div>\n<\/div>\n\n\n\n<div class=\"wp-block-group alignfull is-style-ext-preset--group--natural-1--section is-layout-flow wp-container-core-group-is-layout-2dfd5e4a wp-block-group-is-layout-flow\" id=\"a-propos\" style=\"margin-top:0;margin-bottom:0;padding-top:var(--wp--preset--spacing--20);padding-right:0;padding-bottom:var(--wp--preset--spacing--20);padding-left:0\">\n<div class=\"wp-block-columns has-foreground-color has-background-background-color has-text-color has-background has-link-color wp-elements-e54d7233a66ebea592918cbb1231a37a is-layout-flex wp-container-core-columns-is-layout-315023c4 wp-block-columns-is-layout-flex\" style=\"margin-top:0;margin-bottom:0;padding-top:0;padding-bottom:0\">\n<div class=\"wp-block-column is-vertically-aligned-center is-layout-flow wp-block-column-is-layout-flow\" style=\"padding-top:0;padding-right:var(--wp--preset--spacing--20);padding-bottom:0;padding-left:var(--wp--preset--spacing--20);flex-basis:50%\">\n<div class=\"wp-block-group alignwide is-vertical is-content-justification-center is-layout-flex wp-container-core-group-is-layout-61b2dcaf wp-block-group-is-layout-flex\" style=\"padding-top:var(--wp--preset--spacing--20);padding-bottom:var(--wp--preset--spacing--20)\">\n<div class=\"wp-block-group has-global-padding is-layout-constrained wp-container-core-group-is-layout-2287c683 wp-block-group-is-layout-constrained\">\n<h3 class=\"wp-block-heading has-text-align-center\">Domaine de Codeval : un refuge au c\u0153ur des vignes<\/h3>\n\n\n\n<p class=\"has-text-align-center\">Notre&nbsp;domaine est une <strong>ancienne ferme viticole<\/strong>, enti\u00e8rement restaur\u00e9e, alliant l\u2019authentique et le confort moderne, dans un <strong>environnement calme<\/strong>, sur 2 hectares de terrain.<\/p>\n\n\n\n<p class=\"has-text-align-center\">Il peut \u00e9galement accueillir des personnes en situation de handicap gr\u00e2ce \u00e0 ses installations et \u00e9quipements adapt\u00e9s.<\/p>\n<\/div>\n<\/div>\n\n\n\n<div class=\"wp-block-buttons is-content-justification-center is-layout-flex wp-container-core-buttons-is-layout-a89b3969 wp-block-buttons-is-layout-flex\">\n<div class=\"wp-block-button\"><a class=\"wp-block-button__link wp-element-button\" href=\"https:\/\/domainedecodeval.com\/en\/hebergements\/\">Nos h\u00e9bergements<\/a><\/div>\n<\/div>\n<\/div>\n\n\n\n<div class=\"wp-block-column is-layout-flow wp-block-column-is-layout-flow\" style=\"padding-top:0;padding-right:var(--wp--preset--spacing--20);padding-bottom:0;padding-left:var(--wp--preset--spacing--20);flex-basis:50%\">\n<figure class=\"wp-block-image aligncenter size-large is-style-ext-preset--image--soft-1--image-1--content-bottom is-style-ext-preset--image--soft-1--image-1--content-bottom--9\" style=\"margin-top:var(--wp--preset--spacing--20);margin-bottom:var(--wp--preset--spacing--20)\"><img loading=\"lazy\" decoding=\"async\" width=\"1024\" height=\"688\" src=\"https:\/\/domainedecodeval.com\/wp-content\/uploads\/2026\/02\/exterieur1-1024x688.jpg\" alt=\"\" class=\"wp-image-367\" srcset=\"https:\/\/domainedecodeval.com\/wp-content\/uploads\/2026\/02\/exterieur1-1024x688.jpg 1024w, https:\/\/domainedecodeval.com\/wp-content\/uploads\/2026\/02\/exterieur1-300x202.jpg 300w, https:\/\/domainedecodeval.com\/wp-content\/uploads\/2026\/02\/exterieur1-768x516.jpg 768w, https:\/\/domainedecodeval.com\/wp-content\/uploads\/2026\/02\/exterieur1-1536x1032.jpg 1536w, https:\/\/domainedecodeval.com\/wp-content\/uploads\/2026\/02\/exterieur1-2048x1376.jpg 2048w, https:\/\/domainedecodeval.com\/wp-content\/uploads\/2026\/02\/exterieur1-18x12.jpg 18w\" sizes=\"auto, (max-width: 1024px) 100vw, 1024px\" \/><\/figure>\n<\/div>\n<\/div>\n<\/div>\n\n\n\n<div class=\"wp-block-group alignfull is-style-ext-preset--group--natural-1--section has-primary-background-color has-background has-global-padding is-layout-constrained wp-block-group-is-layout-constrained\" style=\"margin-top:0;margin-bottom:0;padding-top:var(--wp--preset--spacing--70);padding-bottom:var(--wp--preset--spacing--70)\">\n<div class=\"wp-block-columns alignwide is-layout-flex wp-container-core-columns-is-layout-08c01c1c wp-block-columns-is-layout-flex\">\n<div class=\"wp-block-column is-vertically-aligned-center is-layout-flow wp-block-column-is-layout-flow\">\n<div style=\"aspect-ratio:4\/3;min-height:unset;\" class=\"wp-block-cover aligncenter is-style-ext-preset--image--natural-1--image-1--content-right has-aspect-ratio is-style-ext-preset--image--natural-1--image-1--content-right--11\"><img loading=\"lazy\" decoding=\"async\" width=\"1024\" height=\"782\" class=\"wp-block-cover__image-background wp-image-829 size-large\" alt=\"\" src=\"https:\/\/domainedecodeval.com\/wp-content\/uploads\/2026\/02\/P1015604-2-1024x782.jpg\" data-object-fit=\"cover\" srcset=\"https:\/\/domainedecodeval.com\/wp-content\/uploads\/2026\/02\/P1015604-2-1024x782.jpg 1024w, https:\/\/domainedecodeval.com\/wp-content\/uploads\/2026\/02\/P1015604-2-300x229.jpg 300w, https:\/\/domainedecodeval.com\/wp-content\/uploads\/2026\/02\/P1015604-2-768x586.jpg 768w, https:\/\/domainedecodeval.com\/wp-content\/uploads\/2026\/02\/P1015604-2-1536x1172.jpg 1536w, https:\/\/domainedecodeval.com\/wp-content\/uploads\/2026\/02\/P1015604-2-2048x1563.jpg 2048w, https:\/\/domainedecodeval.com\/wp-content\/uploads\/2026\/02\/P1015604-2-16x12.jpg 16w\" sizes=\"auto, (max-width: 1024px) 100vw, 1024px\" \/><span aria-hidden=\"true\" class=\"wp-block-cover__background has-secondary-background-color has-background-dim-0 has-background-dim\"><\/span><div class=\"wp-block-cover__inner-container is-layout-flow wp-block-cover-is-layout-flow\">\n<p class=\"has-text-align-center has-large-font-size\"><\/p>\n<\/div><\/div>\n<\/div>\n\n\n\n<div class=\"wp-block-column is-vertically-aligned-stretch is-layout-flow wp-block-column-is-layout-flow\">\n<div class=\"wp-block-group alignwide is-style-ext-preset--group--natural-1--item-card-1--align-start has-tertiary-background-color has-background is-nowrap is-layout-flex wp-container-core-group-is-layout-bcde1d39 wp-block-group-is-layout-flex is-style-ext-preset--group--natural-1--item-card-1--align-start--12\" style=\"min-height:100%;padding-top:0;padding-right:0;padding-bottom:0;padding-left:0\">\n<div class=\"wp-block-group alignwide has-tertiary-background-color has-background has-global-padding is-layout-constrained wp-container-core-group-is-layout-71f8e6ab wp-block-group-is-layout-constrained\" style=\"padding-top:var(--wp--preset--spacing--50);padding-right:var(--wp--preset--spacing--50);padding-bottom:var(--wp--preset--spacing--50);padding-left:var(--wp--preset--spacing--50)\">\n<div class=\"wp-block-group has-global-padding is-layout-constrained wp-container-core-group-is-layout-812d5580 wp-block-group-is-layout-constrained\" style=\"padding-top:0;padding-right:0;padding-bottom:0;padding-left:0\">\n<p style=\"font-size:clamp(14px, 0.875rem + ((1vw - 3.2px) * 0.417), 18px);\">Retrouvez ici les coordonn\u00e9es essentielles du Domaine de Codeval pour toute demande ou r\u00e9servation.<\/p>\n\n\n\n<div class=\"wp-block-columns is-not-stacked-on-mobile is-layout-flex wp-container-core-columns-is-layout-6db7e666 wp-block-columns-is-layout-flex\">\n<div class=\"wp-block-column is-layout-flow wp-block-column-is-layout-flow\" style=\"padding-top:2px;flex-basis:24px\">\n<figure class=\"wp-block-image size-large wp-duotone-primary-foreground\"><img decoding=\"async\" src=\"data:image\/svg+xml;base64,PHN2ZyB4bWxucz0iaHR0cDovL3d3dy53My5vcmcvMjAwMC9zdmciIHdpZHRoPSIyNCIgaGVpZ2h0PSIyNCIgZmlsbD0iIzAwMDAwMCIgdmlld0JveD0iMCAwIDI1NiAyNTYiPjxwYXRoIGQ9Ik0yMDAsMjI0SDE1MC41NEEyNjYuNTYsMjY2LjU2LDAsMCwwLDE3NCwyMDAuMjVjMjcuNDUtMzEuNTcsNDItNjQuODUsNDItOTYuMjVhODgsODgsMCwwLDAtMTc2LDBjMCwzMS40LDE0LjUxLDY0LjY4LDQyLDk2LjI1QTI2Ni41NiwyNjYuNTYsMCwwLDAsMTA1LjQ2LDIyNEg1NmE4LDgsMCwwLDAsMCwxNkgyMDBhOCw4LDAsMCwwLDAtMTZaTTU2LDEwNGE3Miw3MiwwLDAsMSwxNDQsMGMwLDU3LjIzLTU1LjQ3LDEwNS03MiwxMThDMTExLjQ3LDIwOSw1NiwxNjEuMjMsNTYsMTA0Wm0xMTIsMGE0MCw0MCwwLDEsMC00MCw0MEE0MCw0MCwwLDAsMCwxNjgsMTA0Wm0tNjQsMGEyNCwyNCwwLDEsMSwyNCwyNEEyNCwyNCwwLDAsMSwxMDQsMTA0WiI+PC9wYXRoPjwvc3ZnPg==\" alt=\"\"\/><\/figure>\n<\/div>\n\n\n\n<div class=\"wp-block-column is-layout-flow wp-container-core-column-is-layout-8a368f38 wp-block-column-is-layout-flow\">\n<p class=\"has-medium-font-size\" style=\"font-style:normal;font-weight:500\">105 Chem. des Acacias, 31620 Fronton<\/p>\n<\/div>\n<\/div>\n\n\n\n<div class=\"wp-block-columns are-vertically-aligned-center is-not-stacked-on-mobile is-layout-flex wp-container-core-columns-is-layout-6db7e666 wp-block-columns-is-layout-flex\">\n<div class=\"wp-block-column is-vertically-aligned-center is-layout-flow wp-block-column-is-layout-flow\" style=\"flex-basis:24px\">\n<figure class=\"wp-block-image size-large wp-duotone-primary-foreground\"><img decoding=\"async\" src=\"data:image\/svg+xml;base64,PHN2ZyB4bWxucz0iaHR0cDovL3d3dy53My5vcmcvMjAwMC9zdmciIHdpZHRoPSIyNCIgaGVpZ2h0PSIyNCIgZmlsbD0iIzAwMDAwMCIgdmlld0JveD0iMCAwIDI1NiAyNTYiPjxwYXRoIGQ9Ik0yMjIuMzcsMTU4LjQ2bC00Ny4xMS0yMS4xMS0uMTMtLjA2YTE2LDE2LDAsMCwwLTE1LjE3LDEuNCw4LjEyLDguMTIsMCwwLDAtLjc1LjU2TDEzNC44NywxNjBjLTE1LjQyLTcuNDktMzEuMzQtMjMuMjktMzguODMtMzguNTFsMjAuNzgtMjQuNzFjLjItLjI1LjM5LS41LjU3LS43N2ExNiwxNiwwLDAsMCwxLjMyLTE1LjA2bDAtLjEyTDk3LjU0LDMzLjY0YTE2LDE2LDAsMCwwLTE2LjYyLTkuNTJBNTYuMjYsNTYuMjYsMCwwLDAsMzIsODBjMCw3OS40LDY0LjYsMTQ0LDE0NCwxNDRhNTYuMjYsNTYuMjYsMCwwLDAsNTUuODgtNDguOTJBMTYsMTYsMCwwLDAsMjIyLjM3LDE1OC40NlpNMTc2LDIwOEExMjguMTQsMTI4LjE0LDAsMCwxLDQ4LDgwLDQwLjIsNDAuMiwwLDAsMSw4Mi44Nyw0MGEuNjEuNjEsMCwwLDAsMCwuMTJsMjEsNDdMODMuMiwxMTEuODZhNi4xMyw2LjEzLDAsMCwwLS41Ny43NywxNiwxNiwwLDAsMC0xLDE1LjdjOS4wNiwxOC41MywyNy43MywzNy4wNiw0Ni40Niw0Ni4xMWExNiwxNiwwLDAsMCwxNS43NS0xLjE0LDguNDQsOC40NCwwLDAsMCwuNzQtLjU2TDE2OC44OSwxNTJsNDcsMjEuMDVoMHMuMDgsMCwuMTEsMEE0MC4yMSw0MC4yMSwwLDAsMSwxNzYsMjA4WiI+PC9wYXRoPjwvc3ZnPg==\" alt=\"\"\/><\/figure>\n<\/div>\n\n\n\n<div class=\"wp-block-column is-vertically-aligned-center is-layout-flow wp-container-core-column-is-layout-8a368f38 wp-block-column-is-layout-flow\">\n<p class=\"has-medium-font-size\" style=\"font-style:normal;font-weight:500\">06 58 98 04 36<\/p>\n<\/div>\n<\/div>\n\n\n\n<div class=\"wp-block-columns are-vertically-aligned-center is-not-stacked-on-mobile is-layout-flex wp-container-core-columns-is-layout-6db7e666 wp-block-columns-is-layout-flex\">\n<div class=\"wp-block-column is-vertically-aligned-center is-layout-flow wp-block-column-is-layout-flow\" style=\"flex-basis:24px\">\n<figure class=\"wp-block-image size-large wp-duotone-primary-foreground\"><img decoding=\"async\" src=\"data:image\/svg+xml;base64,PHN2ZyB4bWxucz0iaHR0cDovL3d3dy53My5vcmcvMjAwMC9zdmciIHdpZHRoPSIyNCIgaGVpZ2h0PSIyNCIgZmlsbD0iIzAwMDAwMCIgdmlld0JveD0iMCAwIDI1NiAyNTYiPjxwYXRoIGQ9Ik0yMjQsNDhIMzJhOCw4LDAsMCwwLTgsOFYxOTJhMTYsMTYsMCwwLDAsMTYsMTZIMjE2YTE2LDE2LDAsMCwwLDE2LTE2VjU2QTgsOCwwLDAsMCwyMjQsNDhaTTIwMy40Myw2NCwxMjgsMTMzLjE1LDUyLjU3LDY0Wk0yMTYsMTkySDQwVjc0LjE5bDgyLjU5LDc1LjcxYTgsOCwwLDAsMCwxMC44MiwwTDIxNiw3NC4xOVYxOTJaIj48L3BhdGg+PC9zdmc+\" alt=\"\"\/><\/figure>\n<\/div>\n\n\n\n<div class=\"wp-block-column is-vertically-aligned-center is-layout-flow wp-container-core-column-is-layout-8a368f38 wp-block-column-is-layout-flow\">\n<p class=\"has-medium-font-size\" style=\"font-style:normal;font-weight:500\">domainedecodeval@gmail.com<\/p>\n<\/div>\n<\/div>\n<\/div>\n<\/div>\n<\/div>\n<\/div>\n<\/div>\n<\/div>","protected":false},"excerpt":{"rendered":"<p>D\u00e9couvrez le charme du Domaine de Codeval Une chambre d&rsquo;h\u00f4tes unique au c\u0153ur des vignobles en Haute Garonne, offrant une exp\u00e9rience authentique et paisible dans un cadre naturel enchanteur. Bienvenue au Domaine de Codeval Profitez d\u2019un cadre exceptionnel avec vue sur les vignes depuis la piscine ou le jacuzzi. Partez en randonn\u00e9e, d\u00e9couvrez les vignobles [&hellip;]<\/p>\n","protected":false},"author":1,"featured_media":0,"parent":0,"menu_order":0,"comment_status":"closed","ping_status":"closed","template":"no-title","meta":{"footnotes":""},"class_list":["post-58","page","type-page","status-publish","hentry"],"_links":{"self":[{"href":"https:\/\/domainedecodeval.com\/en\/wp-json\/wp\/v2\/pages\/58","targetHints":{"allow":["GET"]}}],"collection":[{"href":"https:\/\/domainedecodeval.com\/en\/wp-json\/wp\/v2\/pages"}],"about":[{"href":"https:\/\/domainedecodeval.com\/en\/wp-json\/wp\/v2\/types\/page"}],"author":[{"embeddable":true,"href":"https:\/\/domainedecodeval.com\/en\/wp-json\/wp\/v2\/users\/1"}],"replies":[{"embeddable":true,"href":"https:\/\/domainedecodeval.com\/en\/wp-json\/wp\/v2\/comments?post=58"}],"version-history":[{"count":284,"href":"https:\/\/domainedecodeval.com\/en\/wp-json\/wp\/v2\/pages\/58\/revisions"}],"predecessor-version":[{"id":998,"href":"https:\/\/domainedecodeval.com\/en\/wp-json\/wp\/v2\/pages\/58\/revisions\/998"}],"wp:attachment":[{"href":"https:\/\/domainedecodeval.com\/en\/wp-json\/wp\/v2\/media?parent=58"}],"curies":[{"name":"wp","href":"https:\/\/api.w.org\/{rel}","templated":true}]}}