{"id":55,"date":"2026-02-08T19:18:13","date_gmt":"2026-02-08T19:18:13","guid":{"rendered":"https:\/\/domainedecodeval.com\/galerie\/"},"modified":"2026-03-29T12:38:26","modified_gmt":"2026-03-29T12:38:26","slug":"galerie","status":"publish","type":"page","link":"https:\/\/domainedecodeval.com\/en\/galerie\/","title":{"rendered":"Galerie"},"content":{"rendered":"<div class=\"wp-block-group alignfull is-style-ext-preset--group--natural-1--section has-background-background-color has-background has-global-padding is-layout-constrained wp-container-core-group-is-layout-f72f1611 wp-block-group-is-layout-constrained\" id=\"galerie\" style=\"margin-top:0;margin-bottom:0;padding-top:var(--wp--preset--spacing--70);padding-bottom:var(--wp--preset--spacing--70)\">\n<div class=\"wp-block-group alignwide is-vertical is-layout-flex wp-container-core-group-is-layout-c35747d5 wp-block-group-is-layout-flex\">\n<div class=\"wp-block-group has-global-padding is-layout-constrained wp-container-core-group-is-layout-5e05634a wp-block-group-is-layout-constrained\">\n<h3 class=\"wp-block-heading\">Nos animaux \ud83d\ude42<\/h3>\n<\/div>\n<\/div>\n\n\n\n<div class=\"wp-block-columns alignwide are-vertically-aligned-top is-layout-flex wp-container-core-columns-is-layout-87beb0d0 wp-block-columns-is-layout-flex\">\n<div class=\"wp-block-column is-vertically-aligned-top is-layout-flow wp-container-core-column-is-layout-f5bb311e wp-block-column-is-layout-flow\">\n<figure class=\"wp-block-image size-large is-resized is-style-ext-preset--image--natural-1--image-1--content-bottom is-style-ext-preset--image--natural-1--image-1--content-bottom--2\"><img loading=\"lazy\" decoding=\"async\" width=\"768\" height=\"1024\" src=\"https:\/\/domainedecodeval.com\/wp-content\/uploads\/2026\/02\/20230823_102736-1-768x1024.jpg\" alt=\"\" class=\"wp-image-905\" style=\"aspect-ratio:1;object-fit:cover;width:299px;height:auto\" srcset=\"https:\/\/domainedecodeval.com\/wp-content\/uploads\/2026\/02\/20230823_102736-1-768x1024.jpg 768w, https:\/\/domainedecodeval.com\/wp-content\/uploads\/2026\/02\/20230823_102736-1-225x300.jpg 225w, https:\/\/domainedecodeval.com\/wp-content\/uploads\/2026\/02\/20230823_102736-1-1152x1536.jpg 1152w, https:\/\/domainedecodeval.com\/wp-content\/uploads\/2026\/02\/20230823_102736-1-1536x2048.jpg 1536w, https:\/\/domainedecodeval.com\/wp-content\/uploads\/2026\/02\/20230823_102736-1-9x12.jpg 9w, https:\/\/domainedecodeval.com\/wp-content\/uploads\/2026\/02\/20230823_102736-1-scaled.jpg 1920w\" sizes=\"auto, (max-width: 768px) 100vw, 768px\" \/><\/figure>\n\n\n\n<figure class=\"wp-block-image size-large is-resized is-style-ext-preset--image--natural-1--image-1--content-bottom is-style-ext-preset--image--natural-1--image-1--content-bottom--3\"><img loading=\"lazy\" decoding=\"async\" width=\"768\" height=\"1024\" src=\"https:\/\/domainedecodeval.com\/wp-content\/uploads\/2026\/02\/20221222_084638-768x1024.jpg\" alt=\"\" class=\"wp-image-899\" style=\"aspect-ratio:1;object-fit:cover;width:297px;height:auto\" srcset=\"https:\/\/domainedecodeval.com\/wp-content\/uploads\/2026\/02\/20221222_084638-768x1024.jpg 768w, https:\/\/domainedecodeval.com\/wp-content\/uploads\/2026\/02\/20221222_084638-225x300.jpg 225w, https:\/\/domainedecodeval.com\/wp-content\/uploads\/2026\/02\/20221222_084638-1152x1536.jpg 1152w, https:\/\/domainedecodeval.com\/wp-content\/uploads\/2026\/02\/20221222_084638-1536x2048.jpg 1536w, https:\/\/domainedecodeval.com\/wp-content\/uploads\/2026\/02\/20221222_084638-9x12.jpg 9w, https:\/\/domainedecodeval.com\/wp-content\/uploads\/2026\/02\/20221222_084638-scaled.jpg 1920w\" sizes=\"auto, (max-width: 768px) 100vw, 768px\" \/><\/figure>\n<\/div>\n\n\n\n<div class=\"wp-block-column is-vertically-aligned-top is-layout-flow wp-container-core-column-is-layout-f5bb311e wp-block-column-is-layout-flow\">\n<figure class=\"wp-block-image size-large is-resized is-style-ext-preset--image--natural-1--image-1--content-bottom is-style-ext-preset--image--natural-1--image-1--content-bottom--4\"><img loading=\"lazy\" decoding=\"async\" width=\"768\" height=\"1024\" src=\"https:\/\/domainedecodeval.com\/wp-content\/uploads\/2026\/02\/20230709_104526-768x1024.jpg\" alt=\"\" class=\"wp-image-903\" style=\"aspect-ratio:1;object-fit:cover;width:300px;height:auto\" srcset=\"https:\/\/domainedecodeval.com\/wp-content\/uploads\/2026\/02\/20230709_104526-768x1024.jpg 768w, https:\/\/domainedecodeval.com\/wp-content\/uploads\/2026\/02\/20230709_104526-225x300.jpg 225w, https:\/\/domainedecodeval.com\/wp-content\/uploads\/2026\/02\/20230709_104526-1152x1536.jpg 1152w, https:\/\/domainedecodeval.com\/wp-content\/uploads\/2026\/02\/20230709_104526-1536x2048.jpg 1536w, https:\/\/domainedecodeval.com\/wp-content\/uploads\/2026\/02\/20230709_104526-9x12.jpg 9w, https:\/\/domainedecodeval.com\/wp-content\/uploads\/2026\/02\/20230709_104526-scaled.jpg 1920w\" sizes=\"auto, (max-width: 768px) 100vw, 768px\" \/><\/figure>\n\n\n\n<figure class=\"wp-block-image size-large is-resized is-style-ext-preset--image--natural-1--image-1--content-bottom is-style-ext-preset--image--natural-1--image-1--content-bottom--5\"><img loading=\"lazy\" decoding=\"async\" width=\"768\" height=\"1024\" src=\"https:\/\/domainedecodeval.com\/wp-content\/uploads\/2026\/02\/20220228_210009-768x1024.jpg\" alt=\"\" class=\"wp-image-897\" style=\"aspect-ratio:1;object-fit:cover;width:296px;height:auto\" srcset=\"https:\/\/domainedecodeval.com\/wp-content\/uploads\/2026\/02\/20220228_210009-768x1024.jpg 768w, https:\/\/domainedecodeval.com\/wp-content\/uploads\/2026\/02\/20220228_210009-225x300.jpg 225w, https:\/\/domainedecodeval.com\/wp-content\/uploads\/2026\/02\/20220228_210009-1152x1536.jpg 1152w, https:\/\/domainedecodeval.com\/wp-content\/uploads\/2026\/02\/20220228_210009-1536x2048.jpg 1536w, https:\/\/domainedecodeval.com\/wp-content\/uploads\/2026\/02\/20220228_210009-9x12.jpg 9w, https:\/\/domainedecodeval.com\/wp-content\/uploads\/2026\/02\/20220228_210009-scaled.jpg 1920w\" sizes=\"auto, (max-width: 768px) 100vw, 768px\" \/><\/figure>\n<\/div>\n\n\n\n<div class=\"wp-block-column is-vertically-aligned-top is-layout-flow wp-container-core-column-is-layout-f5bb311e wp-block-column-is-layout-flow\">\n<figure class=\"wp-block-image size-large is-resized is-style-ext-preset--image--natural-1--image-1--content-bottom is-style-ext-preset--image--natural-1--image-1--content-bottom--6\"><img loading=\"lazy\" decoding=\"async\" width=\"768\" height=\"1024\" src=\"https:\/\/domainedecodeval.com\/wp-content\/uploads\/2026\/02\/20210605_082357-768x1024.jpg\" alt=\"\" class=\"wp-image-895\" style=\"aspect-ratio:1;object-fit:cover;width:297px;height:auto\" srcset=\"https:\/\/domainedecodeval.com\/wp-content\/uploads\/2026\/02\/20210605_082357-768x1024.jpg 768w, https:\/\/domainedecodeval.com\/wp-content\/uploads\/2026\/02\/20210605_082357-225x300.jpg 225w, https:\/\/domainedecodeval.com\/wp-content\/uploads\/2026\/02\/20210605_082357-1152x1536.jpg 1152w, https:\/\/domainedecodeval.com\/wp-content\/uploads\/2026\/02\/20210605_082357-1536x2048.jpg 1536w, https:\/\/domainedecodeval.com\/wp-content\/uploads\/2026\/02\/20210605_082357-9x12.jpg 9w, https:\/\/domainedecodeval.com\/wp-content\/uploads\/2026\/02\/20210605_082357-scaled.jpg 1920w\" sizes=\"auto, (max-width: 768px) 100vw, 768px\" \/><\/figure>\n\n\n\n<figure class=\"wp-block-image size-large is-resized is-style-ext-preset--image--natural-1--image-1--content-bottom is-style-ext-preset--image--natural-1--image-1--content-bottom--7\"><img loading=\"lazy\" decoding=\"async\" width=\"768\" height=\"1024\" src=\"https:\/\/domainedecodeval.com\/wp-content\/uploads\/2026\/02\/20220323_082954-768x1024.jpg\" alt=\"\" class=\"wp-image-898\" style=\"aspect-ratio:1;object-fit:cover;width:297px;height:auto\" srcset=\"https:\/\/domainedecodeval.com\/wp-content\/uploads\/2026\/02\/20220323_082954-768x1024.jpg 768w, https:\/\/domainedecodeval.com\/wp-content\/uploads\/2026\/02\/20220323_082954-225x300.jpg 225w, https:\/\/domainedecodeval.com\/wp-content\/uploads\/2026\/02\/20220323_082954-1152x1536.jpg 1152w, https:\/\/domainedecodeval.com\/wp-content\/uploads\/2026\/02\/20220323_082954-1536x2048.jpg 1536w, https:\/\/domainedecodeval.com\/wp-content\/uploads\/2026\/02\/20220323_082954-9x12.jpg 9w, https:\/\/domainedecodeval.com\/wp-content\/uploads\/2026\/02\/20220323_082954-scaled.jpg 1920w\" sizes=\"auto, (max-width: 768px) 100vw, 768px\" \/><\/figure>\n<\/div>\n<\/div>\n<\/div>\n\n\n\n<div class=\"wp-block-group alignfull is-style-ext-preset--group--natural-1--section has-tertiary-background-color has-background has-global-padding is-layout-constrained wp-block-group-is-layout-constrained\" id=\"a-propos\" style=\"margin-top:0;margin-bottom:0;padding-top:var(--wp--preset--spacing--70);padding-bottom:var(--wp--preset--spacing--70)\">\n<div class=\"wp-block-columns alignwide are-vertically-aligned-center is-layout-flex wp-container-core-columns-is-layout-174606dc wp-block-columns-is-layout-flex\">\n<div class=\"wp-block-column is-vertically-aligned-center is-layout-flow wp-block-column-is-layout-flow\">\n<div class=\"wp-block-group alignwide is-vertical is-layout-flex wp-container-core-group-is-layout-c35747d5 wp-block-group-is-layout-flex\">\n<div class=\"wp-block-group has-global-padding is-layout-constrained wp-container-core-group-is-layout-dd32767c wp-block-group-is-layout-constrained\">\n<h2 class=\"wp-block-heading\">D\u00e9couvrez la magie du Domaine de Codeval<\/h2>\n\n\n\n<p>Explorez l&rsquo;essence de notre charmante chambre d&rsquo;h\u00f4tes, o\u00f9 authenticit\u00e9 et convivialit\u00e9 se rencontrent pour vous offrir un refuge paisible au c\u0153ur des vignobles de la Haute Garonne.<\/p>\n<\/div>\n<\/div>\n<\/div>\n\n\n\n<div class=\"wp-block-column is-vertically-aligned-center is-layout-flow wp-block-column-is-layout-flow\">\n<figure class=\"wp-block-image is-style-ext-preset--image--natural-1--image-1--content-left is-style-ext-preset--image--natural-1--image-1--content-left--9\"><img loading=\"lazy\" decoding=\"async\" width=\"960\" height=\"1440\" src=\"https:\/\/domainedecodeval.com\/wp-content\/uploads\/2026\/02\/db5ead0559b7936f45705adee69abcfdea54a142.jpg\" alt=\"\" class=\"wp-image-74\" style=\"aspect-ratio:1;object-fit:cover\" srcset=\"https:\/\/domainedecodeval.com\/wp-content\/uploads\/2026\/02\/db5ead0559b7936f45705adee69abcfdea54a142.jpg 960w, https:\/\/domainedecodeval.com\/wp-content\/uploads\/2026\/02\/db5ead0559b7936f45705adee69abcfdea54a142-200x300.jpg 200w, https:\/\/domainedecodeval.com\/wp-content\/uploads\/2026\/02\/db5ead0559b7936f45705adee69abcfdea54a142-683x1024.jpg 683w, https:\/\/domainedecodeval.com\/wp-content\/uploads\/2026\/02\/db5ead0559b7936f45705adee69abcfdea54a142-768x1152.jpg 768w, https:\/\/domainedecodeval.com\/wp-content\/uploads\/2026\/02\/db5ead0559b7936f45705adee69abcfdea54a142-8x12.jpg 8w\" sizes=\"auto, (max-width: 960px) 100vw, 960px\" \/><\/figure>\n<\/div>\n<\/div>\n\n\n\n<div class=\"wp-block-buttons is-layout-flex wp-block-buttons-is-layout-flex\">\n<div class=\"wp-block-button\"><a class=\"wp-block-button__link wp-element-button\" href=\"https:\/\/domainedecodeval.com\/en\/hebergements\/\">D\u00e9couvrir nos chambres<\/a><\/div>\n<\/div>\n<\/div>","protected":false},"excerpt":{"rendered":"<p>Nos animaux \ud83d\ude42 D\u00e9couvrez la magie du Domaine de Codeval Explorez l&rsquo;essence de notre charmante chambre d&rsquo;h\u00f4tes, o\u00f9 authenticit\u00e9 et convivialit\u00e9 se rencontrent pour vous offrir un refuge paisible au c\u0153ur des vignobles de la Haute Garonne.<\/p>","protected":false},"author":1,"featured_media":0,"parent":0,"menu_order":0,"comment_status":"closed","ping_status":"closed","template":"page-with-title","meta":{"footnotes":""},"class_list":["post-55","page","type-page","status-publish","hentry"],"_links":{"self":[{"href":"https:\/\/domainedecodeval.com\/en\/wp-json\/wp\/v2\/pages\/55","targetHints":{"allow":["GET"]}}],"collection":[{"href":"https:\/\/domainedecodeval.com\/en\/wp-json\/wp\/v2\/pages"}],"about":[{"href":"https:\/\/domainedecodeval.com\/en\/wp-json\/wp\/v2\/types\/page"}],"author":[{"embeddable":true,"href":"https:\/\/domainedecodeval.com\/en\/wp-json\/wp\/v2\/users\/1"}],"replies":[{"embeddable":true,"href":"https:\/\/domainedecodeval.com\/en\/wp-json\/wp\/v2\/comments?post=55"}],"version-history":[{"count":27,"href":"https:\/\/domainedecodeval.com\/en\/wp-json\/wp\/v2\/pages\/55\/revisions"}],"predecessor-version":[{"id":1073,"href":"https:\/\/domainedecodeval.com\/en\/wp-json\/wp\/v2\/pages\/55\/revisions\/1073"}],"wp:attachment":[{"href":"https:\/\/domainedecodeval.com\/en\/wp-json\/wp\/v2\/media?parent=55"}],"curies":[{"name":"wp","href":"https:\/\/api.w.org\/{rel}","templated":true}]}}