{"id":398,"date":"2026-02-15T20:34:40","date_gmt":"2026-02-15T20:34:40","guid":{"rendered":"https:\/\/domainedecodeval.com\/?page_id=398"},"modified":"2026-04-23T19:00:22","modified_gmt":"2026-04-23T19:00:22","slug":"chambre-syrah","status":"publish","type":"page","link":"https:\/\/domainedecodeval.com\/en\/chambre-syrah\/","title":{"rendered":"Chambre Syrah"},"content":{"rendered":"<div class=\"wp-block-group alignfull is-style-ext-preset--group--natural-1--section has-background-background-color has-background is-horizontal is-content-justification-center is-nowrap is-layout-flex wp-container-core-group-is-layout-e018d940 wp-block-group-is-layout-flex\" style=\"margin-top:0;margin-bottom:0;padding-top:var(--wp--preset--spacing--70);padding-right:var(--wp--preset--spacing--20);padding-bottom:var(--wp--preset--spacing--70);padding-left:var(--wp--preset--spacing--20)\">\n<div class=\"wp-block-columns alignwide are-vertically-aligned-center is-layout-flex wp-container-core-columns-is-layout-174606dc wp-block-columns-is-layout-flex\">\n<div class=\"wp-block-column is-vertically-aligned-center is-layout-flow wp-block-column-is-layout-flow\">\n<div class=\"wp-block-group has-global-padding is-layout-constrained wp-block-group-is-layout-constrained\">\n<div class=\"wp-block-columns is-layout-flex wp-container-core-columns-is-layout-28f84493 wp-block-columns-is-layout-flex\">\n<div class=\"wp-block-column is-layout-flow wp-block-column-is-layout-flow\" style=\"flex-basis:100%\">\n<figure class=\"wp-block-gallery has-nested-images columns-3 is-cropped wp-block-gallery-7 is-layout-flex wp-block-gallery-is-layout-flex\">\n<figure data-wp-context=\"{&quot;imageId&quot;:&quot;69fb19a44caa3&quot;}\" data-wp-interactive=\"core\/image\" data-wp-key=\"69fb19a44caa3\" class=\"wp-block-image size-full is-style-ext-preset--image--soft-1--image-1--content-any is-style-ext-preset--image--soft-1--image-1--content-any--2 wp-lightbox-container\"><img loading=\"lazy\" decoding=\"async\" width=\"1920\" height=\"2560\" data-wp-class--hide=\"state.isContentHidden\" data-wp-class--show=\"state.isContentVisible\" data-wp-init=\"callbacks.setButtonStyles\" data-wp-on--click=\"actions.showLightbox\" data-wp-on--load=\"callbacks.setButtonStyles\" data-wp-on-window--resize=\"callbacks.setButtonStyles\" data-id=\"487\" src=\"https:\/\/domainedecodeval.com\/wp-content\/uploads\/2026\/02\/syrahsalledebain-2-scaled.jpg\" alt=\"\" class=\"wp-image-487\" style=\"aspect-ratio:16\/9\" srcset=\"https:\/\/domainedecodeval.com\/wp-content\/uploads\/2026\/02\/syrahsalledebain-2-scaled.jpg 1920w, https:\/\/domainedecodeval.com\/wp-content\/uploads\/2026\/02\/syrahsalledebain-2-225x300.jpg 225w, https:\/\/domainedecodeval.com\/wp-content\/uploads\/2026\/02\/syrahsalledebain-2-768x1024.jpg 768w, https:\/\/domainedecodeval.com\/wp-content\/uploads\/2026\/02\/syrahsalledebain-2-1152x1536.jpg 1152w, https:\/\/domainedecodeval.com\/wp-content\/uploads\/2026\/02\/syrahsalledebain-2-1536x2048.jpg 1536w, https:\/\/domainedecodeval.com\/wp-content\/uploads\/2026\/02\/syrahsalledebain-2-9x12.jpg 9w\" sizes=\"auto, (max-width: 1920px) 100vw, 1920px\" \/><button\n\t\t\tclass=\"lightbox-trigger\"\n\t\t\ttype=\"button\"\n\t\t\taria-haspopup=\"dialog\"\n\t\t\taria-label=\"Enlarge\"\n\t\t\tdata-wp-init=\"callbacks.initTriggerButton\"\n\t\t\tdata-wp-on--click=\"actions.showLightbox\"\n\t\t\tdata-wp-style--right=\"state.imageButtonRight\"\n\t\t\tdata-wp-style--top=\"state.imageButtonTop\"\n\t\t>\n\t\t\t<svg xmlns=\"http:\/\/www.w3.org\/2000\/svg\" width=\"12\" height=\"12\" fill=\"none\" viewbox=\"0 0 12 12\">\n\t\t\t\t<path fill=\"#fff\" d=\"M2 0a2 2 0 0 0-2 2v2h1.5V2a.5.5 0 0 1 .5-.5h2V0H2Zm2 10.5H2a.5.5 0 0 1-.5-.5V8H0v2a2 2 0 0 0 2 2h2v-1.5ZM8 12v-1.5h2a.5.5 0 0 0 .5-.5V8H12v2a2 2 0 0 1-2 2H8Zm2-12a2 2 0 0 1 2 2v2h-1.5V2a.5.5 0 0 0-.5-.5H8V0h2Z\" \/>\n\t\t\t<\/svg>\n\t\t<\/button><\/figure>\n\n\n\n<figure data-wp-context=\"{&quot;imageId&quot;:&quot;69fb19a44d478&quot;}\" data-wp-interactive=\"core\/image\" data-wp-key=\"69fb19a44d478\" class=\"wp-block-image size-full is-style-ext-preset--image--soft-1--image-1--content-any is-style-ext-preset--image--soft-1--image-1--content-any--3 wp-lightbox-container\"><img loading=\"lazy\" decoding=\"async\" width=\"1920\" height=\"2560\" data-wp-class--hide=\"state.isContentHidden\" data-wp-class--show=\"state.isContentVisible\" data-wp-init=\"callbacks.setButtonStyles\" data-wp-on--click=\"actions.showLightbox\" data-wp-on--load=\"callbacks.setButtonStyles\" data-wp-on-window--resize=\"callbacks.setButtonStyles\" data-id=\"480\" src=\"https:\/\/domainedecodeval.com\/wp-content\/uploads\/2026\/02\/syrahterrasse1-1-scaled.jpg\" alt=\"\" class=\"wp-image-480\" style=\"aspect-ratio:16\/9\" srcset=\"https:\/\/domainedecodeval.com\/wp-content\/uploads\/2026\/02\/syrahterrasse1-1-scaled.jpg 1920w, https:\/\/domainedecodeval.com\/wp-content\/uploads\/2026\/02\/syrahterrasse1-1-225x300.jpg 225w, https:\/\/domainedecodeval.com\/wp-content\/uploads\/2026\/02\/syrahterrasse1-1-768x1024.jpg 768w, https:\/\/domainedecodeval.com\/wp-content\/uploads\/2026\/02\/syrahterrasse1-1-1152x1536.jpg 1152w, https:\/\/domainedecodeval.com\/wp-content\/uploads\/2026\/02\/syrahterrasse1-1-1536x2048.jpg 1536w, https:\/\/domainedecodeval.com\/wp-content\/uploads\/2026\/02\/syrahterrasse1-1-9x12.jpg 9w\" sizes=\"auto, (max-width: 1920px) 100vw, 1920px\" \/><button\n\t\t\tclass=\"lightbox-trigger\"\n\t\t\ttype=\"button\"\n\t\t\taria-haspopup=\"dialog\"\n\t\t\taria-label=\"Enlarge\"\n\t\t\tdata-wp-init=\"callbacks.initTriggerButton\"\n\t\t\tdata-wp-on--click=\"actions.showLightbox\"\n\t\t\tdata-wp-style--right=\"state.imageButtonRight\"\n\t\t\tdata-wp-style--top=\"state.imageButtonTop\"\n\t\t>\n\t\t\t<svg xmlns=\"http:\/\/www.w3.org\/2000\/svg\" width=\"12\" height=\"12\" fill=\"none\" viewbox=\"0 0 12 12\">\n\t\t\t\t<path fill=\"#fff\" d=\"M2 0a2 2 0 0 0-2 2v2h1.5V2a.5.5 0 0 1 .5-.5h2V0H2Zm2 10.5H2a.5.5 0 0 1-.5-.5V8H0v2a2 2 0 0 0 2 2h2v-1.5ZM8 12v-1.5h2a.5.5 0 0 0 .5-.5V8H12v2a2 2 0 0 1-2 2H8Zm2-12a2 2 0 0 1 2 2v2h-1.5V2a.5.5 0 0 0-.5-.5H8V0h2Z\" \/>\n\t\t\t<\/svg>\n\t\t<\/button><\/figure>\n\n\n\n<figure data-wp-context=\"{&quot;imageId&quot;:&quot;69fb19a44de4b&quot;}\" data-wp-interactive=\"core\/image\" data-wp-key=\"69fb19a44de4b\" class=\"wp-block-image size-full is-style-ext-preset--image--soft-1--image-1--content-any is-style-ext-preset--image--soft-1--image-1--content-any--4 wp-lightbox-container\"><img loading=\"lazy\" decoding=\"async\" width=\"2560\" height=\"1134\" data-wp-class--hide=\"state.isContentHidden\" data-wp-class--show=\"state.isContentVisible\" data-wp-init=\"callbacks.setButtonStyles\" data-wp-on--click=\"actions.showLightbox\" data-wp-on--load=\"callbacks.setButtonStyles\" data-wp-on-window--resize=\"callbacks.setButtonStyles\" data-id=\"485\" src=\"https:\/\/domainedecodeval.com\/wp-content\/uploads\/2026\/02\/syrahphoto2-2-scaled.jpg\" alt=\"\" class=\"wp-image-485\" style=\"aspect-ratio:16\/9\" srcset=\"https:\/\/domainedecodeval.com\/wp-content\/uploads\/2026\/02\/syrahphoto2-2-scaled.jpg 2560w, https:\/\/domainedecodeval.com\/wp-content\/uploads\/2026\/02\/syrahphoto2-2-300x133.jpg 300w, https:\/\/domainedecodeval.com\/wp-content\/uploads\/2026\/02\/syrahphoto2-2-1024x454.jpg 1024w, https:\/\/domainedecodeval.com\/wp-content\/uploads\/2026\/02\/syrahphoto2-2-768x340.jpg 768w, https:\/\/domainedecodeval.com\/wp-content\/uploads\/2026\/02\/syrahphoto2-2-1536x680.jpg 1536w, https:\/\/domainedecodeval.com\/wp-content\/uploads\/2026\/02\/syrahphoto2-2-2048x907.jpg 2048w, https:\/\/domainedecodeval.com\/wp-content\/uploads\/2026\/02\/syrahphoto2-2-18x8.jpg 18w\" sizes=\"auto, (max-width: 2560px) 100vw, 2560px\" \/><button\n\t\t\tclass=\"lightbox-trigger\"\n\t\t\ttype=\"button\"\n\t\t\taria-haspopup=\"dialog\"\n\t\t\taria-label=\"Enlarge\"\n\t\t\tdata-wp-init=\"callbacks.initTriggerButton\"\n\t\t\tdata-wp-on--click=\"actions.showLightbox\"\n\t\t\tdata-wp-style--right=\"state.imageButtonRight\"\n\t\t\tdata-wp-style--top=\"state.imageButtonTop\"\n\t\t>\n\t\t\t<svg xmlns=\"http:\/\/www.w3.org\/2000\/svg\" width=\"12\" height=\"12\" fill=\"none\" viewbox=\"0 0 12 12\">\n\t\t\t\t<path fill=\"#fff\" d=\"M2 0a2 2 0 0 0-2 2v2h1.5V2a.5.5 0 0 1 .5-.5h2V0H2Zm2 10.5H2a.5.5 0 0 1-.5-.5V8H0v2a2 2 0 0 0 2 2h2v-1.5ZM8 12v-1.5h2a.5.5 0 0 0 .5-.5V8H12v2a2 2 0 0 1-2 2H8Zm2-12a2 2 0 0 1 2 2v2h-1.5V2a.5.5 0 0 0-.5-.5H8V0h2Z\" \/>\n\t\t\t<\/svg>\n\t\t<\/button><\/figure>\n\n\n\n<figure data-wp-context=\"{&quot;imageId&quot;:&quot;69fb19a44e9a5&quot;}\" data-wp-interactive=\"core\/image\" data-wp-key=\"69fb19a44e9a5\" class=\"wp-block-image size-full is-style-ext-preset--image--soft-1--image-1--content-any wp-duotone-unset-6 is-style-ext-preset--image--soft-1--image-1--content-any--5 wp-lightbox-container\"><img decoding=\"async\" data-wp-class--hide=\"state.isContentHidden\" data-wp-class--show=\"state.isContentVisible\" data-wp-init=\"callbacks.setButtonStyles\" data-wp-on--click=\"actions.showLightbox\" data-wp-on--load=\"callbacks.setButtonStyles\" data-wp-on-window--resize=\"callbacks.setButtonStyles\" data-id=\"495\" src=\"https:\/\/domainedecodeval.com\/wp-content\/uploads\/2026\/02\/photosyrah1-3.jpg\" alt=\"\" class=\"wp-image-495\" style=\"aspect-ratio:16\/9\"\/><button\n\t\t\tclass=\"lightbox-trigger\"\n\t\t\ttype=\"button\"\n\t\t\taria-haspopup=\"dialog\"\n\t\t\taria-label=\"Enlarge\"\n\t\t\tdata-wp-init=\"callbacks.initTriggerButton\"\n\t\t\tdata-wp-on--click=\"actions.showLightbox\"\n\t\t\tdata-wp-style--right=\"state.imageButtonRight\"\n\t\t\tdata-wp-style--top=\"state.imageButtonTop\"\n\t\t>\n\t\t\t<svg xmlns=\"http:\/\/www.w3.org\/2000\/svg\" width=\"12\" height=\"12\" fill=\"none\" viewbox=\"0 0 12 12\">\n\t\t\t\t<path fill=\"#fff\" d=\"M2 0a2 2 0 0 0-2 2v2h1.5V2a.5.5 0 0 1 .5-.5h2V0H2Zm2 10.5H2a.5.5 0 0 1-.5-.5V8H0v2a2 2 0 0 0 2 2h2v-1.5ZM8 12v-1.5h2a.5.5 0 0 0 .5-.5V8H12v2a2 2 0 0 1-2 2H8Zm2-12a2 2 0 0 1 2 2v2h-1.5V2a.5.5 0 0 0-.5-.5H8V0h2Z\" \/>\n\t\t\t<\/svg>\n\t\t<\/button><\/figure>\n<\/figure>\n<\/div>\n<\/div>\n<\/div>\n<\/div>\n\n\n\n<div class=\"wp-block-column is-vertically-aligned-center is-layout-flow wp-block-column-is-layout-flow\">\n<div class=\"wp-block-group alignwide is-vertical is-layout-flex wp-container-core-group-is-layout-c35747d5 wp-block-group-is-layout-flex\">\n<div class=\"wp-block-group has-global-padding is-layout-constrained wp-container-core-group-is-layout-dd32767c wp-block-group-is-layout-constrained\">\n<h2 class=\"wp-block-heading\">Chambre Syrah<\/h2>\n\n\n\n<div class=\"wp-block-group is-nowrap is-layout-flex wp-container-core-group-is-layout-6c531013 wp-block-group-is-layout-flex\">\n<p>D\u00e9couvrez notre chambre double Syrah, un espace \u00e9l\u00e9gant et confortable id\u00e9al pour votre s\u00e9jour. Profitez d&rsquo;une ambiance chaleureuse et d&rsquo;un d\u00e9cor raffin\u00e9 qui vous garantit d\u00e9tente et relaxation. Explorez les \u00e9quipements modernes et les petites attentions qui rendent votre exp\u00e9rience unique.<\/p>\n<\/div>\n<\/div>\n\n\n\n<div class=\"wp-block-buttons is-layout-flex wp-block-buttons-is-layout-flex\">\n<div class=\"wp-block-button is-style-ext-preset--button--natural-1--button-1 is-style-ext-preset--button--natural-1--button-1--8\"><a class=\"wp-block-button__link wp-element-button\" href=\"https:\/\/beds24.com\/book-domainedecodeval\">R\u00e9server maintenant<\/a><\/div>\n<\/div>\n<\/div>\n\n\n\n<figure class=\"wp-block-image size-thumbnail\"><img loading=\"lazy\" decoding=\"async\" width=\"150\" height=\"150\" src=\"https:\/\/domainedecodeval.com\/wp-content\/uploads\/2026\/02\/image001-150x150.png\" alt=\"\" class=\"wp-image-1018\" srcset=\"https:\/\/domainedecodeval.com\/wp-content\/uploads\/2026\/02\/image001-150x150.png 150w, https:\/\/domainedecodeval.com\/wp-content\/uploads\/2026\/02\/image001-12x12.png 12w\" sizes=\"auto, (max-width: 150px) 100vw, 150px\" \/><\/figure>\n<\/div>\n<\/div>\n<\/div>\n\n\n\n<div class=\"wp-block-group alignwide is-style-ext-preset--group--organic-1--item-card-1--align-start has-foreground-color has-tertiary-background-color has-text-color has-background has-link-color has-small-font-size wp-elements-f0ab648814084e3d3e16586558a97ce1 has-global-padding is-layout-constrained wp-container-core-group-is-layout-a73158ce wp-block-group-is-layout-constrained is-style-ext-preset--group--organic-1--item-card-1--align-start--9\" style=\"margin-top:0;margin-bottom:0;padding-top:var(--wp--preset--spacing--20);padding-right:0;padding-bottom:var(--wp--preset--spacing--20);padding-left:0\">\n<div class=\"wp-block-columns alignwide is-layout-flex wp-container-core-columns-is-layout-d56c9a4b wp-block-columns-is-layout-flex\" style=\"padding-top:0;padding-bottom:0\">\n<div class=\"wp-block-column is-vertically-aligned-stretch is-layout-flow wp-container-core-column-is-layout-49445aec wp-block-column-is-layout-flow\" style=\"padding-right:0;padding-left:0\">\n<p class=\"has-text-align-center\">Lit Queen size<\/p>\n<\/div>\n\n\n\n<div class=\"wp-block-column is-layout-flow wp-block-column-is-layout-flow\">\n<p class=\"has-text-align-center\">Salle de Bains Priv\u00e9e<\/p>\n<\/div>\n\n\n\n<div class=\"wp-block-column is-layout-flow wp-block-column-is-layout-flow\">\n<p class=\"has-text-align-center\">Ecran plat<\/p>\n<\/div>\n\n\n\n<div class=\"wp-block-column is-vertically-aligned-stretch is-layout-flow wp-container-core-column-is-layout-119bc444 wp-block-column-is-layout-flow\">\n<p class=\"has-text-align-center\"><strong>25,0 m<sup>2<\/sup><\/strong><\/p>\n<\/div>\n<\/div>\n\n\n\n<div class=\"wp-block-columns alignwide is-layout-flex wp-container-core-columns-is-layout-73fa241f wp-block-columns-is-layout-flex\" style=\"margin-top:var(--wp--preset--spacing--30)\">\n<div class=\"wp-block-column is-layout-flow wp-block-column-is-layout-flow\">\n<p class=\"has-text-align-center\">Climatisation<\/p>\n<\/div>\n\n\n\n<div class=\"wp-block-column is-layout-flow wp-container-core-column-is-layout-119bc444 wp-block-column-is-layout-flow\">\n<p class=\"has-text-align-center\">S\u00e8che-Cheveux<\/p>\n<\/div>\n\n\n\n<div class=\"wp-block-column is-layout-flow wp-block-column-is-layout-flow\">\n<p class=\"has-text-align-center\">Mini Bar<\/p>\n<\/div>\n\n\n\n<div class=\"wp-block-column is-layout-flow wp-container-core-column-is-layout-49445aec wp-block-column-is-layout-flow\" style=\"padding-right:0;padding-left:0\">\n<p class=\"has-text-align-center\">Produits d&rsquo;Accueil Offert<\/p>\n<\/div>\n<\/div>\n<\/div>\n\n\n\n<div class=\"wp-block-group alignfull is-style-ext-preset--group--natural-1--section has-primary-background-color has-background has-global-padding is-layout-constrained wp-block-group-is-layout-constrained\" style=\"margin-top:0;margin-bottom:0;padding-top:var(--wp--preset--spacing--70);padding-bottom:var(--wp--preset--spacing--70)\">\n<div class=\"wp-block-columns alignwide is-layout-flex wp-container-core-columns-is-layout-08c01c1c wp-block-columns-is-layout-flex\">\n<div class=\"wp-block-column is-vertically-aligned-center is-layout-flow wp-block-column-is-layout-flow\">\n<div style=\"aspect-ratio:4\/3;min-height:unset;\" class=\"wp-block-cover aligncenter is-style-ext-preset--image--natural-1--image-1--content-right has-aspect-ratio is-style-ext-preset--image--natural-1--image-1--content-right--11\"><img loading=\"lazy\" decoding=\"async\" width=\"1024\" height=\"782\" class=\"wp-block-cover__image-background wp-image-829 size-large\" alt=\"\" src=\"https:\/\/domainedecodeval.com\/wp-content\/uploads\/2026\/02\/P1015604-2-1024x782.jpg\" data-object-fit=\"cover\" srcset=\"https:\/\/domainedecodeval.com\/wp-content\/uploads\/2026\/02\/P1015604-2-1024x782.jpg 1024w, https:\/\/domainedecodeval.com\/wp-content\/uploads\/2026\/02\/P1015604-2-300x229.jpg 300w, https:\/\/domainedecodeval.com\/wp-content\/uploads\/2026\/02\/P1015604-2-768x586.jpg 768w, https:\/\/domainedecodeval.com\/wp-content\/uploads\/2026\/02\/P1015604-2-1536x1172.jpg 1536w, https:\/\/domainedecodeval.com\/wp-content\/uploads\/2026\/02\/P1015604-2-2048x1563.jpg 2048w, https:\/\/domainedecodeval.com\/wp-content\/uploads\/2026\/02\/P1015604-2-16x12.jpg 16w\" sizes=\"auto, (max-width: 1024px) 100vw, 1024px\" \/><span aria-hidden=\"true\" class=\"wp-block-cover__background has-secondary-background-color has-background-dim-0 has-background-dim\"><\/span><div class=\"wp-block-cover__inner-container is-layout-flow wp-block-cover-is-layout-flow\">\n<p class=\"has-text-align-center has-large-font-size\"><\/p>\n<\/div><\/div>\n<\/div>\n\n\n\n<div class=\"wp-block-column is-vertically-aligned-stretch is-layout-flow wp-block-column-is-layout-flow\">\n<div class=\"wp-block-group alignwide is-style-ext-preset--group--natural-1--item-card-1--align-start has-tertiary-background-color has-background is-nowrap is-layout-flex wp-container-core-group-is-layout-bcde1d39 wp-block-group-is-layout-flex is-style-ext-preset--group--natural-1--item-card-1--align-start--12\" style=\"min-height:100%;padding-top:0;padding-right:0;padding-bottom:0;padding-left:0\">\n<div class=\"wp-block-group alignwide has-tertiary-background-color has-background has-global-padding is-layout-constrained wp-container-core-group-is-layout-71f8e6ab wp-block-group-is-layout-constrained\" style=\"padding-top:var(--wp--preset--spacing--50);padding-right:var(--wp--preset--spacing--50);padding-bottom:var(--wp--preset--spacing--50);padding-left:var(--wp--preset--spacing--50)\">\n<div class=\"wp-block-group has-global-padding is-layout-constrained wp-container-core-group-is-layout-812d5580 wp-block-group-is-layout-constrained\" style=\"padding-top:0;padding-right:0;padding-bottom:0;padding-left:0\">\n<p style=\"font-size:clamp(14px, 0.875rem + ((1vw - 3.2px) * 0.417), 18px);\">Retrouvez ici les coordonn\u00e9es essentielles du Domaine de Codeval pour toute demande ou r\u00e9servation.<\/p>\n\n\n\n<div class=\"wp-block-columns is-not-stacked-on-mobile is-layout-flex wp-container-core-columns-is-layout-6db7e666 wp-block-columns-is-layout-flex\">\n<div class=\"wp-block-column is-layout-flow wp-block-column-is-layout-flow\" style=\"padding-top:2px;flex-basis:24px\">\n<figure class=\"wp-block-image size-large wp-duotone-primary-foreground\"><img decoding=\"async\" src=\"data:image\/svg+xml;base64,PHN2ZyB4bWxucz0iaHR0cDovL3d3dy53My5vcmcvMjAwMC9zdmciIHdpZHRoPSIyNCIgaGVpZ2h0PSIyNCIgZmlsbD0iIzAwMDAwMCIgdmlld0JveD0iMCAwIDI1NiAyNTYiPjxwYXRoIGQ9Ik0yMDAsMjI0SDE1MC41NEEyNjYuNTYsMjY2LjU2LDAsMCwwLDE3NCwyMDAuMjVjMjcuNDUtMzEuNTcsNDItNjQuODUsNDItOTYuMjVhODgsODgsMCwwLDAtMTc2LDBjMCwzMS40LDE0LjUxLDY0LjY4LDQyLDk2LjI1QTI2Ni41NiwyNjYuNTYsMCwwLDAsMTA1LjQ2LDIyNEg1NmE4LDgsMCwwLDAsMCwxNkgyMDBhOCw4LDAsMCwwLDAtMTZaTTU2LDEwNGE3Miw3MiwwLDAsMSwxNDQsMGMwLDU3LjIzLTU1LjQ3LDEwNS03MiwxMThDMTExLjQ3LDIwOSw1NiwxNjEuMjMsNTYsMTA0Wm0xMTIsMGE0MCw0MCwwLDEsMC00MCw0MEE0MCw0MCwwLDAsMCwxNjgsMTA0Wm0tNjQsMGEyNCwyNCwwLDEsMSwyNCwyNEEyNCwyNCwwLDAsMSwxMDQsMTA0WiI+PC9wYXRoPjwvc3ZnPg==\" alt=\"\"\/><\/figure>\n<\/div>\n\n\n\n<div class=\"wp-block-column is-layout-flow wp-container-core-column-is-layout-8a368f38 wp-block-column-is-layout-flow\">\n<p class=\"has-medium-font-size\" style=\"font-style:normal;font-weight:500\">105 Chem. des Acacias, 31620 Fronton<\/p>\n<\/div>\n<\/div>\n\n\n\n<div class=\"wp-block-columns are-vertically-aligned-center is-not-stacked-on-mobile is-layout-flex wp-container-core-columns-is-layout-6db7e666 wp-block-columns-is-layout-flex\">\n<div class=\"wp-block-column is-vertically-aligned-center is-layout-flow wp-block-column-is-layout-flow\" style=\"flex-basis:24px\">\n<figure class=\"wp-block-image size-large wp-duotone-primary-foreground\"><img decoding=\"async\" src=\"data:image\/svg+xml;base64,PHN2ZyB4bWxucz0iaHR0cDovL3d3dy53My5vcmcvMjAwMC9zdmciIHdpZHRoPSIyNCIgaGVpZ2h0PSIyNCIgZmlsbD0iIzAwMDAwMCIgdmlld0JveD0iMCAwIDI1NiAyNTYiPjxwYXRoIGQ9Ik0yMjIuMzcsMTU4LjQ2bC00Ny4xMS0yMS4xMS0uMTMtLjA2YTE2LDE2LDAsMCwwLTE1LjE3LDEuNCw4LjEyLDguMTIsMCwwLDAtLjc1LjU2TDEzNC44NywxNjBjLTE1LjQyLTcuNDktMzEuMzQtMjMuMjktMzguODMtMzguNTFsMjAuNzgtMjQuNzFjLjItLjI1LjM5LS41LjU3LS43N2ExNiwxNiwwLDAsMCwxLjMyLTE1LjA2bDAtLjEyTDk3LjU0LDMzLjY0YTE2LDE2LDAsMCwwLTE2LjYyLTkuNTJBNTYuMjYsNTYuMjYsMCwwLDAsMzIsODBjMCw3OS40LDY0LjYsMTQ0LDE0NCwxNDRhNTYuMjYsNTYuMjYsMCwwLDAsNTUuODgtNDguOTJBMTYsMTYsMCwwLDAsMjIyLjM3LDE1OC40NlpNMTc2LDIwOEExMjguMTQsMTI4LjE0LDAsMCwxLDQ4LDgwLDQwLjIsNDAuMiwwLDAsMSw4Mi44Nyw0MGEuNjEuNjEsMCwwLDAsMCwuMTJsMjEsNDdMODMuMiwxMTEuODZhNi4xMyw2LjEzLDAsMCwwLS41Ny43NywxNiwxNiwwLDAsMC0xLDE1LjdjOS4wNiwxOC41MywyNy43MywzNy4wNiw0Ni40Niw0Ni4xMWExNiwxNiwwLDAsMCwxNS43NS0xLjE0LDguNDQsOC40NCwwLDAsMCwuNzQtLjU2TDE2OC44OSwxNTJsNDcsMjEuMDVoMHMuMDgsMCwuMTEsMEE0MC4yMSw0MC4yMSwwLDAsMSwxNzYsMjA4WiI+PC9wYXRoPjwvc3ZnPg==\" alt=\"\"\/><\/figure>\n<\/div>\n\n\n\n<div class=\"wp-block-column is-vertically-aligned-center is-layout-flow wp-container-core-column-is-layout-8a368f38 wp-block-column-is-layout-flow\">\n<p class=\"has-medium-font-size\" style=\"font-style:normal;font-weight:500\">06 58 98 04 36<\/p>\n<\/div>\n<\/div>\n\n\n\n<div class=\"wp-block-columns are-vertically-aligned-center is-not-stacked-on-mobile is-layout-flex wp-container-core-columns-is-layout-6db7e666 wp-block-columns-is-layout-flex\">\n<div class=\"wp-block-column is-vertically-aligned-center is-layout-flow wp-block-column-is-layout-flow\" style=\"flex-basis:24px\">\n<figure class=\"wp-block-image size-large wp-duotone-primary-foreground\"><img decoding=\"async\" src=\"data:image\/svg+xml;base64,PHN2ZyB4bWxucz0iaHR0cDovL3d3dy53My5vcmcvMjAwMC9zdmciIHdpZHRoPSIyNCIgaGVpZ2h0PSIyNCIgZmlsbD0iIzAwMDAwMCIgdmlld0JveD0iMCAwIDI1NiAyNTYiPjxwYXRoIGQ9Ik0yMjQsNDhIMzJhOCw4LDAsMCwwLTgsOFYxOTJhMTYsMTYsMCwwLDAsMTYsMTZIMjE2YTE2LDE2LDAsMCwwLDE2LTE2VjU2QTgsOCwwLDAsMCwyMjQsNDhaTTIwMy40Myw2NCwxMjgsMTMzLjE1LDUyLjU3LDY0Wk0yMTYsMTkySDQwVjc0LjE5bDgyLjU5LDc1LjcxYTgsOCwwLDAsMCwxMC44MiwwTDIxNiw3NC4xOVYxOTJaIj48L3BhdGg+PC9zdmc+\" alt=\"\"\/><\/figure>\n<\/div>\n\n\n\n<div class=\"wp-block-column is-vertically-aligned-center is-layout-flow wp-container-core-column-is-layout-8a368f38 wp-block-column-is-layout-flow\">\n<p class=\"has-medium-font-size\" style=\"font-style:normal;font-weight:500\">domainedecodeval@gmail.com<\/p>\n<\/div>\n<\/div>\n<\/div>\n<\/div>\n<\/div>\n<\/div>\n<\/div>\n<\/div>","protected":false},"excerpt":{"rendered":"<p>Chambre Syrah D\u00e9couvrez notre chambre double Syrah, un espace \u00e9l\u00e9gant et confortable id\u00e9al pour votre s\u00e9jour. Profitez d&rsquo;une ambiance chaleureuse et d&rsquo;un d\u00e9cor raffin\u00e9 qui vous garantit d\u00e9tente et relaxation. Explorez les \u00e9quipements modernes et les petites attentions qui rendent votre exp\u00e9rience unique.<\/p>","protected":false},"author":1,"featured_media":0,"parent":0,"menu_order":0,"comment_status":"closed","ping_status":"closed","template":"page-with-title","meta":{"footnotes":""},"class_list":["post-398","page","type-page","status-publish","hentry"],"_links":{"self":[{"href":"https:\/\/domainedecodeval.com\/en\/wp-json\/wp\/v2\/pages\/398","targetHints":{"allow":["GET"]}}],"collection":[{"href":"https:\/\/domainedecodeval.com\/en\/wp-json\/wp\/v2\/pages"}],"about":[{"href":"https:\/\/domainedecodeval.com\/en\/wp-json\/wp\/v2\/types\/page"}],"author":[{"embeddable":true,"href":"https:\/\/domainedecodeval.com\/en\/wp-json\/wp\/v2\/users\/1"}],"replies":[{"embeddable":true,"href":"https:\/\/domainedecodeval.com\/en\/wp-json\/wp\/v2\/comments?post=398"}],"version-history":[{"count":191,"href":"https:\/\/domainedecodeval.com\/en\/wp-json\/wp\/v2\/pages\/398\/revisions"}],"predecessor-version":[{"id":1084,"href":"https:\/\/domainedecodeval.com\/en\/wp-json\/wp\/v2\/pages\/398\/revisions\/1084"}],"wp:attachment":[{"href":"https:\/\/domainedecodeval.com\/en\/wp-json\/wp\/v2\/media?parent=398"}],"curies":[{"name":"wp","href":"https:\/\/api.w.org\/{rel}","templated":true}]}}