{"id":1047,"date":"2026-03-29T12:30:24","date_gmt":"2026-03-29T12:30:24","guid":{"rendered":"https:\/\/domainedecodeval.com\/?page_id=1047"},"modified":"2026-04-12T15:52:26","modified_gmt":"2026-04-12T15:52:26","slug":"chambre-bouysselet","status":"publish","type":"page","link":"https:\/\/domainedecodeval.com\/en\/chambre-bouysselet\/","title":{"rendered":"Chambre Bouysselet"},"content":{"rendered":"<div class=\"wp-block-group alignfull is-style-ext-preset--group--natural-1--section has-background-background-color has-background is-horizontal is-content-justification-center is-nowrap is-layout-flex wp-container-core-group-is-layout-e018d940 wp-block-group-is-layout-flex\" style=\"margin-top:0;margin-bottom:0;padding-top:var(--wp--preset--spacing--70);padding-right:var(--wp--preset--spacing--20);padding-bottom:var(--wp--preset--spacing--70);padding-left:var(--wp--preset--spacing--20)\">\n<div class=\"wp-block-columns alignwide are-vertically-aligned-center is-layout-flex wp-container-core-columns-is-layout-174606dc wp-block-columns-is-layout-flex\">\n<div class=\"wp-block-column is-vertically-aligned-center is-layout-flow wp-block-column-is-layout-flow\">\n<div class=\"wp-block-group has-global-padding is-layout-constrained wp-block-group-is-layout-constrained\">\n<div class=\"wp-block-columns is-layout-flex wp-container-core-columns-is-layout-28f84493 wp-block-columns-is-layout-flex\">\n<div class=\"wp-block-column is-layout-flow wp-block-column-is-layout-flow\" style=\"flex-basis:100%\">\n<figure class=\"wp-block-gallery has-nested-images columns-3 is-cropped wp-block-gallery-7 is-layout-flex wp-block-gallery-is-layout-flex\">\n<figure class=\"wp-block-image size-full is-style-ext-preset--image--soft-1--image-1--content-any is-style-ext-preset--image--soft-1--image-1--content-any--2\"><img loading=\"lazy\" decoding=\"async\" width=\"2560\" height=\"1920\" data-id=\"1057\" src=\"https:\/\/domainedecodeval.com\/wp-content\/uploads\/2026\/02\/20240904_163158-scaled.jpg\" alt=\"\" class=\"wp-image-1057\" style=\"aspect-ratio:16\/9\" srcset=\"https:\/\/domainedecodeval.com\/wp-content\/uploads\/2026\/02\/20240904_163158-scaled.jpg 2560w, https:\/\/domainedecodeval.com\/wp-content\/uploads\/2026\/02\/20240904_163158-300x225.jpg 300w, https:\/\/domainedecodeval.com\/wp-content\/uploads\/2026\/02\/20240904_163158-1024x768.jpg 1024w, https:\/\/domainedecodeval.com\/wp-content\/uploads\/2026\/02\/20240904_163158-768x576.jpg 768w, https:\/\/domainedecodeval.com\/wp-content\/uploads\/2026\/02\/20240904_163158-1536x1152.jpg 1536w, https:\/\/domainedecodeval.com\/wp-content\/uploads\/2026\/02\/20240904_163158-2048x1536.jpg 2048w, https:\/\/domainedecodeval.com\/wp-content\/uploads\/2026\/02\/20240904_163158-16x12.jpg 16w\" sizes=\"auto, (max-width: 2560px) 100vw, 2560px\" \/><\/figure>\n\n\n\n<figure class=\"wp-block-image size-full is-style-ext-preset--image--soft-1--image-1--content-any is-style-ext-preset--image--soft-1--image-1--content-any--3\"><img loading=\"lazy\" decoding=\"async\" width=\"2560\" height=\"1920\" data-id=\"1059\" src=\"https:\/\/domainedecodeval.com\/wp-content\/uploads\/2026\/02\/20240904_163224-scaled.jpg\" alt=\"\" class=\"wp-image-1059\" style=\"aspect-ratio:16\/9\" srcset=\"https:\/\/domainedecodeval.com\/wp-content\/uploads\/2026\/02\/20240904_163224-scaled.jpg 2560w, https:\/\/domainedecodeval.com\/wp-content\/uploads\/2026\/02\/20240904_163224-300x225.jpg 300w, https:\/\/domainedecodeval.com\/wp-content\/uploads\/2026\/02\/20240904_163224-1024x768.jpg 1024w, https:\/\/domainedecodeval.com\/wp-content\/uploads\/2026\/02\/20240904_163224-768x576.jpg 768w, https:\/\/domainedecodeval.com\/wp-content\/uploads\/2026\/02\/20240904_163224-1536x1152.jpg 1536w, https:\/\/domainedecodeval.com\/wp-content\/uploads\/2026\/02\/20240904_163224-2048x1536.jpg 2048w, https:\/\/domainedecodeval.com\/wp-content\/uploads\/2026\/02\/20240904_163224-16x12.jpg 16w\" sizes=\"auto, (max-width: 2560px) 100vw, 2560px\" \/><\/figure>\n\n\n\n<figure class=\"wp-block-image size-full is-style-ext-preset--image--soft-1--image-1--content-any is-style-ext-preset--image--soft-1--image-1--content-any--4\"><img loading=\"lazy\" decoding=\"async\" width=\"1920\" height=\"2560\" data-id=\"1061\" src=\"https:\/\/domainedecodeval.com\/wp-content\/uploads\/2026\/02\/20240904_163051-scaled.jpg\" alt=\"\" class=\"wp-image-1061\" style=\"aspect-ratio:16\/9\" srcset=\"https:\/\/domainedecodeval.com\/wp-content\/uploads\/2026\/02\/20240904_163051-scaled.jpg 1920w, https:\/\/domainedecodeval.com\/wp-content\/uploads\/2026\/02\/20240904_163051-225x300.jpg 225w, https:\/\/domainedecodeval.com\/wp-content\/uploads\/2026\/02\/20240904_163051-768x1024.jpg 768w, https:\/\/domainedecodeval.com\/wp-content\/uploads\/2026\/02\/20240904_163051-1152x1536.jpg 1152w, https:\/\/domainedecodeval.com\/wp-content\/uploads\/2026\/02\/20240904_163051-1536x2048.jpg 1536w, https:\/\/domainedecodeval.com\/wp-content\/uploads\/2026\/02\/20240904_163051-9x12.jpg 9w\" sizes=\"auto, (max-width: 1920px) 100vw, 1920px\" \/><\/figure>\n\n\n\n<figure class=\"wp-block-image size-full is-style-ext-preset--image--soft-1--image-1--content-any wp-duotone-unset-6 is-style-ext-preset--image--soft-1--image-1--content-any--5\"><img loading=\"lazy\" decoding=\"async\" width=\"2560\" height=\"1920\" data-id=\"1045\" src=\"https:\/\/domainedecodeval.com\/wp-content\/uploads\/2026\/03\/20240904_163129-scaled.jpg\" alt=\"\" class=\"wp-image-1045\" style=\"aspect-ratio:16\/9\" srcset=\"https:\/\/domainedecodeval.com\/wp-content\/uploads\/2026\/03\/20240904_163129-scaled.jpg 2560w, https:\/\/domainedecodeval.com\/wp-content\/uploads\/2026\/03\/20240904_163129-300x225.jpg 300w, https:\/\/domainedecodeval.com\/wp-content\/uploads\/2026\/03\/20240904_163129-1024x768.jpg 1024w, https:\/\/domainedecodeval.com\/wp-content\/uploads\/2026\/03\/20240904_163129-768x576.jpg 768w, https:\/\/domainedecodeval.com\/wp-content\/uploads\/2026\/03\/20240904_163129-1536x1152.jpg 1536w, https:\/\/domainedecodeval.com\/wp-content\/uploads\/2026\/03\/20240904_163129-2048x1536.jpg 2048w, https:\/\/domainedecodeval.com\/wp-content\/uploads\/2026\/03\/20240904_163129-16x12.jpg 16w\" sizes=\"auto, (max-width: 2560px) 100vw, 2560px\" \/><\/figure>\n<\/figure>\n<\/div>\n<\/div>\n<\/div>\n<\/div>\n\n\n\n<div class=\"wp-block-column is-vertically-aligned-center is-layout-flow wp-block-column-is-layout-flow\">\n<div class=\"wp-block-group alignwide is-vertical is-layout-flex wp-container-core-group-is-layout-c35747d5 wp-block-group-is-layout-flex\">\n<div class=\"wp-block-group has-global-padding is-layout-constrained wp-container-core-group-is-layout-dd32767c wp-block-group-is-layout-constrained\">\n<h2 class=\"wp-block-heading\">Chambre Bouysselet<\/h2>\n\n\n\n<div class=\"wp-block-group is-nowrap is-layout-flex wp-container-core-group-is-layout-6c531013 wp-block-group-is-layout-flex\">\n<p>D\u00e9couvrez notre chambre triple Bouysselet, un espace \u00e9l\u00e9gant et confortable id\u00e9al pour votre s\u00e9jour. Profitez d&rsquo;une ambiance chaleureuse et d&rsquo;un d\u00e9cor raffin\u00e9 qui vous garantit d\u00e9tente et relaxation. Explorez les \u00e9quipements modernes et les petites attentions qui rendent votre exp\u00e9rience unique.<\/p>\n<\/div>\n<\/div>\n\n\n\n<div class=\"wp-block-buttons is-layout-flex wp-block-buttons-is-layout-flex\">\n<div class=\"wp-block-button is-style-ext-preset--button--natural-1--button-1 is-style-ext-preset--button--natural-1--button-1--8\"><a class=\"wp-block-button__link wp-element-button\" href=\"https:\/\/beds24.com\/book-domainedecodeval\">R\u00e9server maintenant<\/a><\/div>\n<\/div>\n<\/div>\n<\/div>\n<\/div>\n<\/div>\n\n\n\n<div class=\"wp-block-group alignwide is-style-ext-preset--group--organic-1--item-card-1--align-start has-foreground-color has-tertiary-background-color has-text-color has-background has-link-color has-small-font-size wp-elements-56b93ae51e7341f54fec851a85f748d3 has-global-padding is-layout-constrained wp-container-core-group-is-layout-a73158ce wp-block-group-is-layout-constrained is-style-ext-preset--group--organic-1--item-card-1--align-start--9\" style=\"margin-top:0;margin-bottom:0;padding-top:var(--wp--preset--spacing--20);padding-right:0;padding-bottom:var(--wp--preset--spacing--20);padding-left:0\">\n<div class=\"wp-block-columns alignwide is-layout-flex wp-container-core-columns-is-layout-d56c9a4b wp-block-columns-is-layout-flex\" style=\"padding-top:0;padding-bottom:0\">\n<div class=\"wp-block-column is-vertically-aligned-stretch is-layout-flow wp-container-core-column-is-layout-49445aec wp-block-column-is-layout-flow\" style=\"padding-right:0;padding-left:0\">\n<p class=\"has-text-align-center\">Lit Queen size<\/p>\n<\/div>\n\n\n\n<div class=\"wp-block-column is-layout-flow wp-block-column-is-layout-flow\">\n<p class=\"has-text-align-center\">Salle de Bains Priv\u00e9e<\/p>\n<\/div>\n\n\n\n<div class=\"wp-block-column is-layout-flow wp-block-column-is-layout-flow\">\n<p class=\"has-text-align-center\"><\/p>\n<\/div>\n\n\n\n<div class=\"wp-block-column is-vertically-aligned-stretch is-layout-flow wp-container-core-column-is-layout-119bc444 wp-block-column-is-layout-flow\">\n<p class=\"has-text-align-center\"><strong>60,0 m<sup>2<\/sup><\/strong><\/p>\n<\/div>\n<\/div>\n\n\n\n<div class=\"wp-block-columns alignwide is-layout-flex wp-container-core-columns-is-layout-73fa241f wp-block-columns-is-layout-flex\" style=\"margin-top:var(--wp--preset--spacing--30)\">\n<div class=\"wp-block-column is-layout-flow wp-block-column-is-layout-flow\">\n<p class=\"has-text-align-center\">Climatisation<\/p>\n<\/div>\n\n\n\n<div class=\"wp-block-column is-layout-flow wp-container-core-column-is-layout-119bc444 wp-block-column-is-layout-flow\">\n<p class=\"has-text-align-center\">S\u00e8che-Cheveux<\/p>\n<\/div>\n\n\n\n<div class=\"wp-block-column is-layout-flow wp-block-column-is-layout-flow\">\n<p class=\"has-text-align-center\">Mini Bar<\/p>\n<\/div>\n\n\n\n<div class=\"wp-block-column is-layout-flow wp-container-core-column-is-layout-49445aec wp-block-column-is-layout-flow\" style=\"padding-right:0;padding-left:0\">\n<p class=\"has-text-align-center\">Produits d&rsquo;Accueil Offert<\/p>\n<\/div>\n<\/div>\n<\/div>","protected":false},"excerpt":{"rendered":"<p>Lit Queen size Salle de Bains Priv\u00e9e 60,0 m2 Climatisation S\u00e8che-Cheveux Mini Bar Produits d&rsquo;Accueil Offert<\/p>","protected":false},"author":1,"featured_media":0,"parent":0,"menu_order":0,"comment_status":"closed","ping_status":"closed","template":"page-with-title","meta":{"footnotes":""},"class_list":["post-1047","page","type-page","status-publish","hentry"],"_links":{"self":[{"href":"https:\/\/domainedecodeval.com\/en\/wp-json\/wp\/v2\/pages\/1047","targetHints":{"allow":["GET"]}}],"collection":[{"href":"https:\/\/domainedecodeval.com\/en\/wp-json\/wp\/v2\/pages"}],"about":[{"href":"https:\/\/domainedecodeval.com\/en\/wp-json\/wp\/v2\/types\/page"}],"author":[{"embeddable":true,"href":"https:\/\/domainedecodeval.com\/en\/wp-json\/wp\/v2\/users\/1"}],"replies":[{"embeddable":true,"href":"https:\/\/domainedecodeval.com\/en\/wp-json\/wp\/v2\/comments?post=1047"}],"version-history":[{"count":10,"href":"https:\/\/domainedecodeval.com\/en\/wp-json\/wp\/v2\/pages\/1047\/revisions"}],"predecessor-version":[{"id":1075,"href":"https:\/\/domainedecodeval.com\/en\/wp-json\/wp\/v2\/pages\/1047\/revisions\/1075"}],"wp:attachment":[{"href":"https:\/\/domainedecodeval.com\/en\/wp-json\/wp\/v2\/media?parent=1047"}],"curies":[{"name":"wp","href":"https:\/\/api.w.org\/{rel}","templated":true}]}}